{"id":15,"date":"2017-03-04T14:34:55","date_gmt":"2017-03-04T13:34:55","guid":{"rendered":"http:\/\/copetti.fr\/naturo\/?page_id=15"},"modified":"2024-04-17T16:23:10","modified_gmt":"2024-04-17T14:23:10","slug":"entreprises","status":"publish","type":"page","link":"https:\/\/copetti.fr\/naturo\/index.php\/entreprises\/","title":{"rendered":"Entreprises"},"content":{"rendered":"<h1><span style=\"color: #339966;\">Pour 89% des DRH *<\/span><\/h1>\n<p>Le bien-\u00eatre des salari\u00e9s est une pr\u00e9occupation majeure, un facteur de productivit\u00e9 de l\u2019entreprise, ainsi qu\u2019un facteur d\u2019attraction des talents.<\/p>\n<h6>* Ifop pour Malakoff M\u00e9d\u00e9ric<\/h6>\n<h1><span style=\"color: #339966;\">LE CHIFFRE\u00a0: 12 600 EUROS, LE CO\u00dbT DU MAL-\u00caTRE AU TRAVAIL PAR SALARI\u00c9 ET PAR AN<\/span><\/h1>\n<p>Selon les calculs du cabinet Mozart Consulting.<\/p>\n<p><a href=\"https:\/\/copetti.fr\/naturo\/index.php\/entreprises\/entreprise2\/#main\" rel=\"attachment wp-att-505\"><img loading=\"lazy\" decoding=\"async\" class=\"aligncenter wp-image-505 size-full\" src=\"https:\/\/copetti.fr\/naturo\/wp-content\/uploads\/2020\/12\/entreprise2.jpg\" alt=\"\" width=\"960\" height=\"540\" srcset=\"https:\/\/copetti.fr\/naturo\/wp-content\/uploads\/2020\/12\/entreprise2.jpg 960w, https:\/\/copetti.fr\/naturo\/wp-content\/uploads\/2020\/12\/entreprise2-300x169.jpg 300w, https:\/\/copetti.fr\/naturo\/wp-content\/uploads\/2020\/12\/entreprise2-768x432.jpg 768w\" sizes=\"auto, (max-width: 960px) 100vw, 960px\" \/><\/a><\/p>\n<h1>Dans ce cadre, je vous propose de vous apporter des offres adapt\u00e9es, elles se d\u00e9clinent sous diff\u00e9rents formats : conf\u00e9rence, atelier, s\u00e9ance de groupe ou individuelle.<\/h1>\n<h1><span style=\"color: #339966;\">Naturopathie<\/span><\/h1>\n<p>Atelier<\/p>\n<p>Conf\u00e9rence<\/p>\n<p>S\u00e9ance individuelle<\/p>\n<h1><span style=\"color: #339966;\">Sophrologie<\/span><\/h1>\n<p>S\u00e9ance de groupe<\/p>\n<p>S\u00e9ance individuelle<\/p>\n<h1><span style=\"color: #339966;\">Aromath\u00e9rapie<\/span><\/h1>\n<p>Conf\u00e9rence<\/p>\n<p>Atelier &#8211; Cr\u00e9ation<\/p>\n<h1><span style=\"color: #339966;\">Massage bien-\u00eatre<\/span><\/h1>\n<p>Par zone :<\/p>\n<ul>\n<li>Mains<\/li>\n<li>Dos<\/li>\n<\/ul>\n<p>\u00a0J\u2019interviens aussi en entreprise pour mettre en place une pr\u00e9vention sant\u00e9 qui permettra aux salari\u00e9s de s\u2019\u00e9panouir dans leur travail et aux entreprises d\u2019am\u00e9liorer l\u2019efficacit\u00e9 des employ\u00e9s, la diminution de l\u2019absent\u00e9isme, une meilleure coh\u00e9sion d\u2019\u00e9quipe et la r\u00e9duction du stress.<\/p>\n\n\n<h2 class=\"wp-block-heading\">Ils nous ont fait confiance :<\/h2>\n\n\n\n<p><\/p>\n\n\n\n<figure class=\"wp-block-image\"><img loading=\"lazy\" decoding=\"async\" width=\"380\" height=\"181\" src=\"https:\/\/copetti.fr\/naturo\/wp-content\/uploads\/2019\/09\/Atlas_Copco.svg_-e1567436510226.png\" alt=\"\" class=\"wp-image-342\"\/><\/figure>\n\n\n\n<figure class=\"wp-block-image\"><img loading=\"lazy\" decoding=\"async\" width=\"245\" height=\"134\" src=\"https:\/\/copetti.fr\/naturo\/wp-content\/uploads\/2019\/09\/images-19-e1567436638257.jpeg\" alt=\"\" class=\"wp-image-341\"\/><\/figure>\n\n\n\n<figure class=\"wp-block-image\"><img loading=\"lazy\" decoding=\"async\" width=\"200\" height=\"146\" src=\"https:\/\/copetti.fr\/naturo\/wp-content\/uploads\/2019\/09\/logo-2-e1567436666844.png\" alt=\"\" class=\"wp-image-340\"\/><\/figure>\n\n\n\n<figure class=\"wp-block-image size-full is-resized\"><img loading=\"lazy\" decoding=\"async\" width=\"980\" height=\"366\" src=\"https:\/\/copetti.fr\/naturo\/wp-content\/uploads\/2023\/02\/dt-logo-granitegraybg-blue.jpg\" alt=\"\" class=\"wp-image-568\" style=\"width:388px;height:144px\" srcset=\"https:\/\/copetti.fr\/naturo\/wp-content\/uploads\/2023\/02\/dt-logo-granitegraybg-blue.jpg 980w, https:\/\/copetti.fr\/naturo\/wp-content\/uploads\/2023\/02\/dt-logo-granitegraybg-blue-300x112.jpg 300w, https:\/\/copetti.fr\/naturo\/wp-content\/uploads\/2023\/02\/dt-logo-granitegraybg-blue-768x287.jpg 768w\" sizes=\"auto, (max-width: 980px) 100vw, 980px\" \/><\/figure>\n\n\n\n<figure class=\"wp-block-image\"><img loading=\"lazy\" decoding=\"async\" width=\"380\" height=\"126\" src=\"https:\/\/copetti.fr\/naturo\/wp-content\/uploads\/2019\/09\/villiers-e1567436708443.jpg\" alt=\"\" class=\"wp-image-337\"\/><\/figure>\n","protected":false},"excerpt":{"rendered":"<p>Pour 89% des DRH * Le bien-\u00eatre des salari\u00e9s est une pr\u00e9occupation majeure, un facteur de productivit\u00e9 de l\u2019entreprise, ainsi qu\u2019un facteur d\u2019attraction des talents. * Ifop pour Malakoff M\u00e9d\u00e9ric LE CHIFFRE\u00a0: 12 600 EUROS, LE CO\u00dbT DU MAL-\u00caTRE AU TRAVAIL PAR SALARI\u00c9 ET PAR AN Selon les calculs du cabinet Mozart Consulting. Dans ce&#8230; <\/p>\n","protected":false},"author":1,"featured_media":110,"parent":0,"menu_order":0,"comment_status":"closed","ping_status":"closed","template":"full-width.php","meta":{"_monsterinsights_skip_tracking":false,"_monsterinsights_sitenote_active":false,"_monsterinsights_sitenote_note":"","_monsterinsights_sitenote_category":0,"footnotes":""},"class_list":["post-15","page","type-page","status-publish","has-post-thumbnail","hentry"],"aioseo_notices":[],"_links":{"self":[{"href":"https:\/\/copetti.fr\/naturo\/index.php\/wp-json\/wp\/v2\/pages\/15","targetHints":{"allow":["GET"]}}],"collection":[{"href":"https:\/\/copetti.fr\/naturo\/index.php\/wp-json\/wp\/v2\/pages"}],"about":[{"href":"https:\/\/copetti.fr\/naturo\/index.php\/wp-json\/wp\/v2\/types\/page"}],"author":[{"embeddable":true,"href":"https:\/\/copetti.fr\/naturo\/index.php\/wp-json\/wp\/v2\/users\/1"}],"replies":[{"embeddable":true,"href":"https:\/\/copetti.fr\/naturo\/index.php\/wp-json\/wp\/v2\/comments?post=15"}],"version-history":[{"count":27,"href":"https:\/\/copetti.fr\/naturo\/index.php\/wp-json\/wp\/v2\/pages\/15\/revisions"}],"predecessor-version":[{"id":884,"href":"https:\/\/copetti.fr\/naturo\/index.php\/wp-json\/wp\/v2\/pages\/15\/revisions\/884"}],"wp:featuredmedia":[{"embeddable":true,"href":"https:\/\/copetti.fr\/naturo\/index.php\/wp-json\/wp\/v2\/media\/110"}],"wp:attachment":[{"href":"https:\/\/copetti.fr\/naturo\/index.php\/wp-json\/wp\/v2\/media?parent=15"}],"curies":[{"name":"wp","href":"https:\/\/api.w.org\/{rel}","templated":true}]}}